{"id":1501,"date":"2016-12-03T14:21:07","date_gmt":"2016-12-03T14:21:07","guid":{"rendered":"https:\/\/apverio.de\/?page_id=1501"},"modified":"2024-05-22T13:05:30","modified_gmt":"2024-05-22T11:05:30","slug":"landing-2","status":"publish","type":"page","link":"https:\/\/apverio.de\/?page_id=1501","title":{"rendered":"Impressum"},"content":{"rendered":"<div class=\"wpb-content-wrapper\"><p>[vc_row][vc_column][vc_empty_space][vc_empty_space][vc_single_image image=&#8221;1394&#8243; img_size=&#8221;full&#8221; alignment=&#8221;center&#8221;][vc_column_text css=&#8221;&#8221;]<\/p>\n<p style=\"text-align: center;\"><strong>apverio GmbH<\/strong><br \/>\nUnternehmensberatung<br \/>\nMartin-M\u00fcller-Stra\u00dfe 12, 30900 Wedemark<br \/>\nTel. +49 5130 9 28 88 15<br \/>\nInternet: www.apverio.de<br \/>\nE-Mail: info@apverio.de<\/p>\n<p style=\"text-align: center;\">Gesch\u00e4ftsf\u00fchrer: Thorsten Anding, Sitz: Wedemark, Handelsregister: HR B 210200,<br \/>\nAmtsgericht Hannover, St.-Nr.: 16\/205\/42630, USt-IdNr.: DE277469575<\/p>\n<p>[\/vc_column_text][vc_empty_space][vc_separator border_width=&#8221;3&#8243;][vc_empty_space][vc_column_text]<\/p>\n<p style=\"text-align: center;\"><strong><span style=\"font-size: xx-large;\">HAFTUNGSAUSSCHLUSS UND DATENSCHUTZ<\/span><\/strong><\/p>\n<p>&nbsp;<\/p>\n<p style=\"text-align: center;\"><strong>1. Inhalt des Online-Angebotes<\/strong><br \/>\napverio GmbH \u00fcbernimmt keinerlei Gew\u00e4hr f\u00fcr die Aktualit\u00e4t, Korrektheit, Vollst\u00e4ndigkeit oder Qualit\u00e4t der bereitgestellten Informationen. Haftungsanspr\u00fcche gegen apverio GmbH, welche sich auf Sch\u00e4den materieller oder ideeller Art beziehen, die durch die Nutzung oder Nichtnutzung der dargebotenen Informationen bzw. durch die Nutzung fehlerhafter und unvollst\u00e4ndiger Informationen verursacht wurden, sind grunds\u00e4tzlich ausgeschlossen, sofern seitens apverio GmbH kein nachweislich vors\u00e4tzliches oder grob fahrl\u00e4ssiges Verschulden vorliegt.<br \/>\nAlle Angebote sind freibleibend und unverbindlich. apverio GmbH beh\u00e4lt es sich ausdr\u00fccklich vor, Teile der Seiten oder das gesamte Angebot ohne gesonderte Ank\u00fcndigung zu ver\u00e4ndern, zu erg\u00e4nzen, zu l\u00f6schen oder die Ver\u00f6ffentlichung zeitweise oder endg\u00fcltig einzustellen.<\/p>\n<p style=\"text-align: center;\"><strong>2. Verweise und Links<\/strong><br \/>\nBei direkten oder indirekten Verweisen auf fremde Internetseiten (\u201eLinks\u201c), die au\u00dferhalb des Verantwortungsbereiches von apverio GmbH liegen, w\u00fcrde eine Haftungsverpflichtung ausschlie\u00dflich in dem Fall in Kraft treten, in dem apverio GmbH von den Inhalten Kenntnis hat und es ihr technisch m\u00f6glich und zumutbar w\u00e4re, die Nutzung im Falle rechtswidriger Inhalte zu verhindern.<br \/>\napverio GmbH erkl\u00e4rt hiermit ausdr\u00fccklich, dass zum Zeitpunkt der Linksetzung keine illegalen Inhalte auf den zu verlinkenden Seiten erkennbar waren. Auf die aktuelle und zuk\u00fcnftige Gestaltung, die Inhalte oder die Urheberschaft der gelinkten\/verkn\u00fcpften Seiten hat apverio GmbH keinerlei Einfluss. Deshalb distanziert apverio GmbH sich hiermit ausdr\u00fccklich von allen Inhalten aller gelinkten \/verkn\u00fcpften Seiten, die nach der Linksetzung ver\u00e4ndert wurden. Diese Feststellung gilt f\u00fcr alle innerhalb des eigenen Internetangebotes gesetzten Links und Verweise sowie f\u00fcr Fremdeintr\u00e4ge in von apverio GmbH eingerichteten G\u00e4steb\u00fcchern, Diskussionsforen und Mailinglisten. F\u00fcr illegale, fehlerhafte oder unvollst\u00e4ndige Inhalte und insbesondere f\u00fcr Sch\u00e4den, die aus der Nutzung oder Nichtnutzung solcherart dargebotener Informationen entstehen, haftet allein der Anbieter der Seite, auf welche verwiesen wurde, nicht derjenige, der \u00fcber Links auf die jeweilige Ver\u00f6ffentlichung lediglich verweist.<\/p>\n<p style=\"text-align: center;\"><strong>3. Urheber- und Kennzeichenrecht<\/strong><br \/>\napverio GmbH ist bestrebt, in allen Publikationen die Urheberrechte der verwendeten Grafiken, Tondokumente, Videosequenzen und Texte zu beachten, von ihr selbst erstellte Grafiken, Tondokumente, Videosequenzen und Texte zu nutzen oder auf lizenzfreie Grafiken, Tondokumente, Videosequenzen und Texte zur\u00fcckzugreifen.<br \/>\nAlle innerhalb des Internetangebotes genannten und ggf. durch Dritte gesch\u00fctzten Marken- und Warenzeichen unterliegen uneingeschr\u00e4nkt den Bestimmungen des jeweils g\u00fcltigen Kennzeichenrechts und den Besitzrechten der jeweiligen eingetragenen Eigent\u00fcmer. Allein aufgrund der blo\u00dfen Nennung ist nicht der Schlu\u00df zu ziehen, dass Markenzeichen nicht durch Rechte Dritter gesch\u00fctzt sind!<br \/>\nDas Copyright f\u00fcr ver\u00f6ffentlichte, von apverio GmbH selbst erstellte Objekte bleibt allein bei apverio GmbH. Eine Vervielf\u00e4ltigung oder Verwendung solcher Grafiken, Tondokumente, Videosequenzen und Texte in anderen elektronischen oder gedruckten Publikationen ist ohne ausdr\u00fcckliche Zustimmung der\u00a0apverio GmbH nicht gestattet.<\/p>\n<p style=\"text-align: center;\"><strong>4. Datenschutz<\/strong><br \/>\nSofern innerhalb des Internetangebotes die M\u00f6glichkeit zur Eingabe pers\u00f6nlicher oder gesch\u00e4ftlicher Daten (Emailadressen, Namen, Anschriften) besteht, so erfolgt die Preisgabe dieser Daten seitens des Nutzers auf ausdr\u00fccklich freiwilliger Basis. Die Inanspruchnahme und Bezahlung aller angebotenen Dienste ist \u2013 soweit technisch m\u00f6glich und zumutbar \u2013 auch ohne Angabe solcher Daten bzw. unter Angabe anonymisierter Daten oder eines Pseudonyms gestattet.<\/p>\n<p style=\"text-align: center;\"><strong>5. Rechtswirksamkeit dieses Haftungsausschlusses<\/strong><br \/>\nSofern Teile oder einzelne Formulierungen dieses Textes der geltenden Rechtslage nicht, nicht mehr oder nicht vollst\u00e4ndig entsprechen sollten, bleiben die \u00fcbrigen Teile des Dokumentes in ihrem Inhalt und ihrer G\u00fcltigkeit davon unber\u00fchrt.<\/p>\n<p style=\"text-align: center;\">Au\u00dfer bei Vorsatz oder grober Fahrl\u00e4ssigkeit schlie\u00dfen wir jegliche Haftung f\u00fcr Verluste oder Sch\u00e4den aus, die durch virenbefallene Software oder E-Mails verursacht werden.<\/p>\n<p>[\/vc_column_text][vc_empty_space][\/vc_column][\/vc_row][vc_row][vc_column][vc_separator border_width=&#8221;3&#8243;][vc_column_text]<\/p>\n<p style=\"text-align: center;\"><strong><span style=\"font-size: xx-large;\">Bildnachweise<\/span><\/strong><\/p>\n<p>[\/vc_column_text][vc_column_text]<\/p>\n<p style=\"text-align: center;\"><strong>Fotos:<\/strong><\/p>\n<p style=\"text-align: center;\"><a href=\"http:\/\/rosetime.info\/photographynew\/\">ROSEPHOTOGRAPHY<\/a> (Profil)<\/p>\n<p style=\"text-align: center;\"><a href=\"http:\/\/summervogel.de\/48.0.html\">summervogel: Ulf-Kersten Neelsen<\/a> (Header)<\/p>\n<p style=\"text-align: center;\"><strong>Shutterstock.com Lizenzen:<\/strong><\/p>\n<p style=\"text-align: center;\"><a href=\"https:\/\/www.shutterstock.com\/pic-337679003.html\">337679003 &#8211; Bloomicon<\/a><\/p>\n<p style=\"text-align: center;\"><a href=\"https:\/\/www.shutterstock.com\/pic-338430161.html\">338430161 &#8211; Bloomicon<\/a><\/p>\n<p style=\"text-align: center;\"><a href=\"https:\/\/www.shutterstock.com\/pic-377424145.html\">377424145 &#8211; Bloomicon<\/a><\/p>\n<p style=\"text-align: center;\"><strong>Text:<\/strong><\/p>\n<p style=\"text-align: center;\"><a href=\"http:\/\/kerstinmaenner.de\/\">Kerstin M\u00e4nner<\/a><\/p>\n<p style=\"text-align: center;\"><a href=\"http:\/\/www.text-tree.com\/text-tree.php?sprache=de&amp;nr=04\">Estelle Raschka<\/a> (text tree)<\/p>\n<p style=\"text-align: center;\"><strong>Webdesign:<\/strong><\/p>\n<p style=\"text-align: center;\">Martin Stroschein<\/p>\n<p>[\/vc_column_text][vc_column_text]<\/p>\n<p style=\"text-align: center;\">Copyright <strong>\u00a9<\/strong> 2016 apverio GmbH. Alle Rechte vorbehalten.<\/p>\n<p>[\/vc_column_text][vc_separator border_width=&#8221;3&#8243;][vc_empty_space][vc_column_text]<\/p>\n<p style=\"text-align: center;\"><strong><span style=\"font-size: xx-large;\">Webseitenanalyse &amp; Tracking<\/span><\/strong><\/p>\n<p>[\/vc_column_text][vc_column_text css=&#8221;&#8221;]<p id=\"matomo_opted_out_intro\" style=\"display:none;\">Opt-out abgeschlossen; Ihre Besuche auf dieser Webseite werden nicht vom Webanalysetool erfasst. Bitte beachten Sie, dass auch der Matomo-Deaktivierungs-Cookie dieser Webseite gel\u00f6scht wird, wenn Sie die in Ihrem Browser abgelegten Cookies entfernen. Au\u00dferdem m\u00fcssen Sie, wenn Sie einen anderen Computer oder einen anderen Webbrowser verwenden, die Deaktivierungsprozedur nochmals absolvieren.<\/p><p id=\"matomo_opted_in_intro\" >Sie haben die M\u00f6glichkeit zu verhindern, dass von Ihnen hier get\u00e4tigte Aktionen analysiert und verkn\u00fcpft werden. Dies wird Ihre Privatsph\u00e4re sch\u00fctzen, aber wird auch den Besitzer daran hindern, aus Ihren Aktionen zu lernen und die Bedienbarkeit f\u00fcr Sie und andere Benutzer zu verbessern.<\/p><form>\n        <input type=\"checkbox\" id=\"matomo_optout_checkbox\" checked=\"checked\"\/>\n        <label for=\"matomo_optout_checkbox\"><strong>\n        <span id=\"matomo_opted_in_label\" >Ihr Besuch dieser Webseite wird aktuell von der Matomo Webanalyse erfasst. Diese Checkbox abw\u00e4hlen f\u00fcr Opt-Out.<\/span>\n\t\t<span id=\"matomo_opted_out_label\" style=\"display:none;\">Ihr Besuch dieser Webseite wird aktuell von der Matomo Webanalyse nicht erfasst. Diese Checkbox aktivieren f\u00fcr Opt-In.<\/span>\n        <\/strong><\/label><\/form><noscript><p><strong style=\"color: #ff0000;\">This opt out feature requires JavaScript.<\/strong><\/p><\/noscript><p id=\"matomo_outout_err_cookies\" style=\"display: none;\"><strong>Die Tracking opt-out Funktion ben\u00f6tigt aktivierte Cookies.<\/strong><\/p>[\/vc_column_text][vc_separator border_width=&#8221;3&#8243;][\/vc_column][\/vc_row]<\/p>\n<\/div>","protected":false},"excerpt":{"rendered":"<p>[vc_row][vc_column][vc_empty_space][vc_empty_space][vc_single_image image=&#8221;1394&#8243; img_size=&#8221;full&#8221; alignment=&#8221;center&#8221;][vc_column_text css=&#8221;&#8221;] apverio GmbH Unternehmensberatung Martin-M\u00fcller-Stra\u00dfe 12, 30900 Wedemark Tel. +49 5130 9 28 88 15 Internet: www.apverio.de E-Mail: info@apverio.de Gesch\u00e4ftsf\u00fchrer: Thorsten Anding, Sitz: Wedemark, Handelsregister: HR B 210200, Amtsgericht Hannover, St.-Nr.: 16\/205\/42630, USt-IdNr.: DE277469575 [\/vc_column_text][vc_empty_space][vc_separator border_width=&#8221;3&#8243;][vc_empty_space][vc_column_text] HAFTUNGSAUSSCHLUSS UND DATENSCHUTZ &nbsp; 1. Inhalt des Online-Angebotes apverio GmbH \u00fcbernimmt keinerlei Gew\u00e4hr f\u00fcr die&hellip;<\/p>\n","protected":false},"author":5,"featured_media":0,"parent":0,"menu_order":0,"comment_status":"closed","ping_status":"closed","template":"template-microsite.php","meta":{"footnotes":""},"class_list":["post-1501","page","type-page","status-publish","hentry","description-off"],"_links":{"self":[{"href":"https:\/\/apverio.de\/index.php?rest_route=\/wp\/v2\/pages\/1501","targetHints":{"allow":["GET"]}}],"collection":[{"href":"https:\/\/apverio.de\/index.php?rest_route=\/wp\/v2\/pages"}],"about":[{"href":"https:\/\/apverio.de\/index.php?rest_route=\/wp\/v2\/types\/page"}],"author":[{"embeddable":true,"href":"https:\/\/apverio.de\/index.php?rest_route=\/wp\/v2\/users\/5"}],"replies":[{"embeddable":true,"href":"https:\/\/apverio.de\/index.php?rest_route=%2Fwp%2Fv2%2Fcomments&post=1501"}],"version-history":[{"count":4,"href":"https:\/\/apverio.de\/index.php?rest_route=\/wp\/v2\/pages\/1501\/revisions"}],"predecessor-version":[{"id":2137,"href":"https:\/\/apverio.de\/index.php?rest_route=\/wp\/v2\/pages\/1501\/revisions\/2137"}],"wp:attachment":[{"href":"https:\/\/apverio.de\/index.php?rest_route=%2Fwp%2Fv2%2Fmedia&parent=1501"}],"curies":[{"name":"wp","href":"https:\/\/api.w.org\/{rel}","templated":true}]}}